{"id":552,"date":"2018-07-18T15:43:29","date_gmt":"2018-07-18T13:43:29","guid":{"rendered":"http:\/\/kgv-lerchengrund.de\/?page_id=552"},"modified":"2024-06-05T11:13:58","modified_gmt":"2024-06-05T09:13:58","slug":"informationen","status":"publish","type":"page","link":"http:\/\/kgv-lerchengrund.de\/?page_id=552","title":{"rendered":"Allgemeine Informationen zum Verein, Kreisverband und Landesverband Sachsen"},"content":{"rendered":"\n<p>Hier finden Sie alle aktuellen Information zu unserem Verein, den Kreisverband und zum Landesverband Sachsen der Kleing\u00e4rtner.<\/p>\n\n\n\n<h2><mark style=\"background-color:rgba(0, 0, 0, 0)\" class=\"has-inline-color has-vivid-green-cyan-color\">Wir werden 100 !<\/mark><\/h2>\n\n\n\n<p>Wir haben dieses Jahr Grund zu feier, denn unser Verein wird 100 Jahre alt. Dieses Ereignis wollen wir mit unseren Mitgliedern und geladenen G\u00e4sten gro\u00df Feiern, man wird ja schlie\u00dflich nur einmal 100.  Nicht nur, dass wir einen Vereinswettbewerb ins Leben gerufen haben, nein es wird f\u00fcr das leiblichen Wohl, Musik, sowie eine Liveshow-Einlage gesorgt sein. <\/p>\n\n\n\n<p>Fotos unserer Feier folgen. <\/p>\n\n\n\n<h2>Solaranlagen im Kleingarten<\/h2>\n\n\n\n<p>Aktuell sind Solaranlagen gro\u00df im Kommen, egal ob auf dem Dach des Eigenheims oder als Balkonanlage an der Mietwohnung. Vielmals stellt sich die Frage, darf ich eine Solaranlage auch in meinem Kleingarten betreiben? Dazu gibt es vom Landesverband einen Beitrag \u00fcber Erlaubtes und nicht Erlaubtes. <\/p>\n\n\n\n<p><a href=\"https:\/\/www.lsk-kleingarten.de\/solaranlagen-kleingarten\/?fbclid=IwZXh0bgNhZW0CMTAAAR3XyD0xfJeXEdqhQOgDssu7JdtvWJvn7ylRcL0THNajxErazNqTjZJ3adI_aem_ZmFrZWR1bW15MTZieXRlcw\">https:\/\/www.lsk-kleingarten.de\/solaranlagen-kleingarten\/?fbclid=IwZXh0bgNhZW0CMTAAAR3XyD0xfJeXEdqhQOgDssu7JdtvWJvn7ylRcL0THNajxErazNqTjZJ3adI_aem_ZmFrZWR1bW15MTZieXRlcw<\/a><\/p>\n\n\n\n<p>Bitte informieren Sie sich vorher, welche Voraussetzungen gegeben sein m\u00fcssen, um eine Anlage im Kleingarten zu errichten. Bei Fragen wenden Sie sich gern an uns oder den Landesverbandes. <\/p>\n\n\n\n<p><\/p>\n\n\n\n<h2>Goldrute im Kleingarten<\/h2>\n\n\n\n<p>Goldrute sieht zwar h\u00fcbsch aus wenn sie bl\u00fcht, gilt aber als invasive Pflanzenart. Was bedeutet invasiv? Invasive Pflanzen, sind Pflanzen die bei uns nicht heimisch sind. Sie verdr\u00e4ngen heimische Pflanzen und verursachen dadurch gro\u00dfe Probleme. Sollten Sie in ihrem Garten Goldrute vorfinden, so ist diese umgehend zu entfernen.  Anbei Bilder der Goldrute. <\/p>\n\n\n\n<figure class=\"wp-container-2 wp-block-gallery-1 wp-block-gallery has-nested-images columns-default is-cropped\">\n<figure class=\"wp-block-image size-large\"><img loading=\"lazy\" width=\"1024\" height=\"683\" data-id=\"1063\"  src=\"http:\/\/kgv-lerchengrund.de\/wp-content\/uploads\/2024\/06\/1717578743192.jpg\" alt=\"\" class=\"wp-image-1063\" srcset=\"http:\/\/kgv-lerchengrund.de\/wp-content\/uploads\/2024\/06\/1717578743192.jpg 1024w, http:\/\/kgv-lerchengrund.de\/wp-content\/uploads\/2024\/06\/1717578743192-300x200.jpg 300w, http:\/\/kgv-lerchengrund.de\/wp-content\/uploads\/2024\/06\/1717578743192-768x512.jpg 768w, http:\/\/kgv-lerchengrund.de\/wp-content\/uploads\/2024\/06\/1717578743192-830x554.jpg 830w, http:\/\/kgv-lerchengrund.de\/wp-content\/uploads\/2024\/06\/1717578743192-230x153.jpg 230w, http:\/\/kgv-lerchengrund.de\/wp-content\/uploads\/2024\/06\/1717578743192-350x233.jpg 350w, http:\/\/kgv-lerchengrund.de\/wp-content\/uploads\/2024\/06\/1717578743192-480x320.jpg 480w\" sizes=\"(max-width: 1024px) 100vw, 1024px\" \/><\/figure>\n\n\n\n<figure class=\"wp-block-image size-large\"><img loading=\"lazy\" width=\"768\" height=\"1024\" data-id=\"1064\"  src=\"http:\/\/kgv-lerchengrund.de\/wp-content\/uploads\/2024\/06\/1717578743206-768x1024.jpg\" alt=\"\" class=\"wp-image-1064\" srcset=\"http:\/\/kgv-lerchengrund.de\/wp-content\/uploads\/2024\/06\/1717578743206-768x1024.jpg 768w, http:\/\/kgv-lerchengrund.de\/wp-content\/uploads\/2024\/06\/1717578743206-225x300.jpg 225w, http:\/\/kgv-lerchengrund.de\/wp-content\/uploads\/2024\/06\/1717578743206-830x1106.jpg 830w, http:\/\/kgv-lerchengrund.de\/wp-content\/uploads\/2024\/06\/1717578743206-230x307.jpg 230w, http:\/\/kgv-lerchengrund.de\/wp-content\/uploads\/2024\/06\/1717578743206-350x467.jpg 350w, http:\/\/kgv-lerchengrund.de\/wp-content\/uploads\/2024\/06\/1717578743206-480x640.jpg 480w, http:\/\/kgv-lerchengrund.de\/wp-content\/uploads\/2024\/06\/1717578743206.jpg 844w\" sizes=\"(max-width: 768px) 100vw, 768px\" \/><figcaption>goldgelbe, strahlenf\u00f6rmige Bl\u00fctenst\u00e4nde, pflegeleicht<\/figcaption><\/figure>\n<\/figure>\n","protected":false},"excerpt":{"rendered":"<p>Hier finden Sie alle aktuellen Information zu unserem Verein, den Kreisverband und zum Landesverband Sachsen der Kleing\u00e4rtner. Wir werden 100 ! Wir haben dieses Jahr Grund zu feier, denn unser Verein wird 100 Jahre alt. Dieses Ereignis wollen wir mit unseren Mitgliedern und geladenen G\u00e4sten gro\u00df Feiern, man wird ja schlie\u00dflich nur einmal 100. Nicht [&hellip;]<\/p>\n","protected":false},"author":1,"featured_media":0,"parent":0,"menu_order":0,"comment_status":"closed","ping_status":"closed","template":"","meta":[],"_links":{"self":[{"href":"http:\/\/kgv-lerchengrund.de\/index.php?rest_route=\/wp\/v2\/pages\/552"}],"collection":[{"href":"http:\/\/kgv-lerchengrund.de\/index.php?rest_route=\/wp\/v2\/pages"}],"about":[{"href":"http:\/\/kgv-lerchengrund.de\/index.php?rest_route=\/wp\/v2\/types\/page"}],"author":[{"embeddable":true,"href":"http:\/\/kgv-lerchengrund.de\/index.php?rest_route=\/wp\/v2\/users\/1"}],"replies":[{"embeddable":true,"href":"http:\/\/kgv-lerchengrund.de\/index.php?rest_route=%2Fwp%2Fv2%2Fcomments&post=552"}],"version-history":[{"count":34,"href":"http:\/\/kgv-lerchengrund.de\/index.php?rest_route=\/wp\/v2\/pages\/552\/revisions"}],"predecessor-version":[{"id":1065,"href":"http:\/\/kgv-lerchengrund.de\/index.php?rest_route=\/wp\/v2\/pages\/552\/revisions\/1065"}],"wp:attachment":[{"href":"http:\/\/kgv-lerchengrund.de\/index.php?rest_route=%2Fwp%2Fv2%2Fmedia&parent=552"}],"curies":[{"name":"wp","href":"https:\/\/api.w.org\/{rel}","templated":true}]}}